{"id":2775,"date":"2025-03-24T16:36:48","date_gmt":"2025-03-24T15:36:48","guid":{"rendered":"http:\/\/www.lungta-equicoaching.com\/?page_id=2775"},"modified":"2025-05-07T16:03:42","modified_gmt":"2025-05-07T14:03:42","slug":"stages-equicoaching","status":"publish","type":"page","link":"https:\/\/www.lungta-equicoaching.com\/index.php\/stages-equicoaching\/","title":{"rendered":"Stages \u00e9quicoaching"},"content":{"rendered":"\t\t<div data-elementor-type=\"wp-page\" data-elementor-id=\"2775\" class=\"elementor elementor-2775\">\n\t\t\t\t\t\t<div class=\"elementor-inner\">\n\t\t\t\t<div class=\"elementor-section-wrap\">\n\t\t\t\t\t\t\t\t\t<section class=\"elementor-section elementor-top-section elementor-element elementor-element-ae16540 elementor-section-boxed elementor-section-height-default elementor-section-height-default\" data-id=\"ae16540\" data-element_type=\"section\">\n\t\t\t\t\t\t<div class=\"elementor-container elementor-column-gap-default\">\n\t\t\t\t\t\t\t<div class=\"elementor-row\">\n\t\t\t\t\t<div class=\"elementor-column elementor-col-100 elementor-top-column elementor-element elementor-element-4dab929\" data-id=\"4dab929\" data-element_type=\"column\">\n\t\t\t<div class=\"elementor-column-wrap elementor-element-populated\">\n\t\t\t\t\t\t\t<div class=\"elementor-widget-wrap\">\n\t\t\t\t\t\t<div class=\"elementor-element elementor-element-bdacd39 elementor-widget elementor-widget-heading\" data-id=\"bdacd39\" data-element_type=\"widget\" data-widget_type=\"heading.default\">\n\t\t\t\t<div class=\"elementor-widget-container\">\n\t\t\t<h2 class=\"elementor-heading-title elementor-size-default\">Journ\u00e9e d'immersion au milieu des chevaux<\/h2>\t\t<\/div>\n\t\t\t\t<\/div>\n\t\t\t\t\t\t<\/div>\n\t\t\t\t\t<\/div>\n\t\t<\/div>\n\t\t\t\t\t\t\t\t<\/div>\n\t\t\t\t\t<\/div>\n\t\t<\/section>\n\t\t\t\t<section class=\"elementor-section elementor-top-section elementor-element elementor-element-baea2d2 elementor-section-boxed elementor-section-height-default elementor-section-height-default\" data-id=\"baea2d2\" data-element_type=\"section\">\n\t\t\t\t\t\t<div class=\"elementor-container elementor-column-gap-default\">\n\t\t\t\t\t\t\t<div class=\"elementor-row\">\n\t\t\t\t\t<div class=\"elementor-column elementor-col-100 elementor-top-column elementor-element elementor-element-cee08fd\" data-id=\"cee08fd\" data-element_type=\"column\">\n\t\t\t<div class=\"elementor-column-wrap elementor-element-populated\">\n\t\t\t\t\t\t\t<div class=\"elementor-widget-wrap\">\n\t\t\t\t\t\t<div class=\"elementor-element elementor-element-4a61c93 elementor-widget elementor-widget-text-editor\" data-id=\"4a61c93\" data-element_type=\"widget\" data-widget_type=\"text-editor.default\">\n\t\t\t\t<div class=\"elementor-widget-container\">\n\t\t\t\t\t\t\t\t<div class=\"elementor-text-editor elementor-clearfix\">\n\t\t\t\t<p>****** Prochaines dates communiqu\u00e9es bient\u00f4t. ******<\/p><p>A la ferme \u00e9questre L&#8217;Ecrin de Capucine. Entre Le Havre et Rouen, \u00e0 c\u00f4t\u00e9 de Lillebonne, en Seine-Martime \/ Normandie.\u00a0<\/p>\t\t\t\t\t<\/div>\n\t\t\t\t\t\t<\/div>\n\t\t\t\t<\/div>\n\t\t\t\t\t\t<\/div>\n\t\t\t\t\t<\/div>\n\t\t<\/div>\n\t\t\t\t\t\t\t\t<\/div>\n\t\t\t\t\t<\/div>\n\t\t<\/section>\n\t\t\t\t<section class=\"elementor-section elementor-top-section elementor-element elementor-element-a768e67 elementor-section-boxed elementor-section-height-default elementor-section-height-default\" data-id=\"a768e67\" data-element_type=\"section\">\n\t\t\t\t\t\t<div class=\"elementor-container elementor-column-gap-default\">\n\t\t\t\t\t\t\t<div class=\"elementor-row\">\n\t\t\t\t\t<div class=\"elementor-column elementor-col-50 elementor-top-column elementor-element elementor-element-2dfd930\" data-id=\"2dfd930\" data-element_type=\"column\">\n\t\t\t<div class=\"elementor-column-wrap elementor-element-populated\">\n\t\t\t\t\t\t\t<div class=\"elementor-widget-wrap\">\n\t\t\t\t\t\t<div class=\"elementor-element elementor-element-66f5d1b elementor-widget elementor-widget-image\" data-id=\"66f5d1b\" data-element_type=\"widget\" data-widget_type=\"image.default\">\n\t\t\t\t<div class=\"elementor-widget-container\">\n\t\t\t\t\t\t\t\t<div class=\"elementor-image\">\n\t\t\t\t\t\t\t\t\t\t\t\t<img decoding=\"async\" width=\"640\" height=\"480\" src=\"https:\/\/www.lungta-equicoaching.com\/wp-content\/uploads\/2025\/05\/IMG-20250415-WA0007-1-1024x768.jpg\" class=\"attachment-large size-large\" alt=\"\" loading=\"lazy\" srcset=\"https:\/\/www.lungta-equicoaching.com\/wp-content\/uploads\/2025\/05\/IMG-20250415-WA0007-1-1024x768.jpg 1024w, https:\/\/www.lungta-equicoaching.com\/wp-content\/uploads\/2025\/05\/IMG-20250415-WA0007-1-300x225.jpg 300w, https:\/\/www.lungta-equicoaching.com\/wp-content\/uploads\/2025\/05\/IMG-20250415-WA0007-1-768x576.jpg 768w, https:\/\/www.lungta-equicoaching.com\/wp-content\/uploads\/2025\/05\/IMG-20250415-WA0007-1-1536x1152.jpg 1536w, https:\/\/www.lungta-equicoaching.com\/wp-content\/uploads\/2025\/05\/IMG-20250415-WA0007-1.jpg 1600w\" sizes=\"(max-width: 640px) 100vw, 640px\" \/>\t\t\t\t\t\t\t\t\t\t\t\t\t\t<\/div>\n\t\t\t\t\t\t<\/div>\n\t\t\t\t<\/div>\n\t\t\t\t\t\t<\/div>\n\t\t\t\t\t<\/div>\n\t\t<\/div>\n\t\t\t\t<div class=\"elementor-column elementor-col-50 elementor-top-column elementor-element elementor-element-4e6dddc\" data-id=\"4e6dddc\" data-element_type=\"column\">\n\t\t\t<div class=\"elementor-column-wrap elementor-element-populated\">\n\t\t\t\t\t\t\t<div class=\"elementor-widget-wrap\">\n\t\t\t\t\t\t<div class=\"elementor-element elementor-element-f4ed47d elementor-widget elementor-widget-image\" data-id=\"f4ed47d\" data-element_type=\"widget\" data-widget_type=\"image.default\">\n\t\t\t\t<div class=\"elementor-widget-container\">\n\t\t\t\t\t\t\t\t<div class=\"elementor-image\">\n\t\t\t\t\t\t\t\t\t\t\t\t<img decoding=\"async\" width=\"640\" height=\"480\" src=\"https:\/\/www.lungta-equicoaching.com\/wp-content\/uploads\/2025\/05\/IMG-20250415-WA0004-1024x768.jpg\" class=\"attachment-large size-large\" alt=\"\" loading=\"lazy\" srcset=\"https:\/\/www.lungta-equicoaching.com\/wp-content\/uploads\/2025\/05\/IMG-20250415-WA0004-1024x768.jpg 1024w, https:\/\/www.lungta-equicoaching.com\/wp-content\/uploads\/2025\/05\/IMG-20250415-WA0004-300x225.jpg 300w, https:\/\/www.lungta-equicoaching.com\/wp-content\/uploads\/2025\/05\/IMG-20250415-WA0004-768x576.jpg 768w, https:\/\/www.lungta-equicoaching.com\/wp-content\/uploads\/2025\/05\/IMG-20250415-WA0004-1536x1152.jpg 1536w, https:\/\/www.lungta-equicoaching.com\/wp-content\/uploads\/2025\/05\/IMG-20250415-WA0004.jpg 1600w\" sizes=\"(max-width: 640px) 100vw, 640px\" \/>\t\t\t\t\t\t\t\t\t\t\t\t\t\t<\/div>\n\t\t\t\t\t\t<\/div>\n\t\t\t\t<\/div>\n\t\t\t\t\t\t<\/div>\n\t\t\t\t\t<\/div>\n\t\t<\/div>\n\t\t\t\t\t\t\t\t<\/div>\n\t\t\t\t\t<\/div>\n\t\t<\/section>\n\t\t\t\t<section class=\"elementor-section elementor-top-section elementor-element elementor-element-7d79379 elementor-section-boxed elementor-section-height-default elementor-section-height-default\" data-id=\"7d79379\" data-element_type=\"section\">\n\t\t\t\t\t\t<div class=\"elementor-container elementor-column-gap-default\">\n\t\t\t\t\t\t\t<div class=\"elementor-row\">\n\t\t\t\t\t<div class=\"elementor-column elementor-col-100 elementor-top-column elementor-element elementor-element-e9c8778\" data-id=\"e9c8778\" data-element_type=\"column\">\n\t\t\t<div class=\"elementor-column-wrap elementor-element-populated\">\n\t\t\t\t\t\t\t<div class=\"elementor-widget-wrap\">\n\t\t\t\t\t\t<div class=\"elementor-element elementor-element-9e4538c elementor-widget elementor-widget-text-editor\" data-id=\"9e4538c\" data-element_type=\"widget\" data-widget_type=\"text-editor.default\">\n\t\t\t\t<div class=\"elementor-widget-container\">\n\t\t\t\t\t\t\t\t<div class=\"elementor-text-editor elementor-clearfix\">\n\t\t\t\t<p>Je vous invite \u00e0 venir passer une journ\u00e9e au milieu de la nature, en compagnie d&#8217;un magnifique troupeau de chevaux.&nbsp;<\/p>\n<p><span style=\"font-size: 17px;\">Mon intention en vous proposant cette journ\u00e9e est de vous ouvrir des espaces de libert\u00e9 pour ressentir et \u00e9couter votre corps et reconnecter avec votre Coeur.&nbsp;<\/span><\/p>\n<p><span style=\"font-size: 17px;\">Le th\u00e8me de cette journ\u00e9e sera donc L&#8217;ECOUTE DE SA SENSIBILITE.&nbsp;<\/span><\/p>\n<p><span style=\"font-size: 17px;\">Si vous trouvez que :<\/span><\/p>\n<p><span style=\"font-size: 17px;\">&#8211; votre quotidien tr\u00e9pidant ne laisse pas de place \u00e0 l&#8217;\u00e9coute de vos ressentis,<\/span><\/p>\n<p><span style=\"font-size: 17px;\">&#8211; vous vous sentez trop souvent (tout le temps ?) stress\u00e9(e) et \u00e9puis\u00e9(e),<\/span><\/p>\n<p><span style=\"font-size: 17px;\">&#8211; votre vie actuelle ne vous satisfait pas mais vous ne savez pas quoi changer, vous vous sentez perdu(e),<\/span><\/p>\n<p>&#8211; vous manquez de connexion \u00e0 votre intuition et \u00e0 votre Coeur pour vous guider dans la vie, vous \u00e9coutez plus facilement les conseils des autres que vos propres intuitions,<\/p>\n<p>&#8211; vous m\u00e9ritez d&#8217;\u00eatre serein(e), joyeux(se), \u00e9panoui(e), confiant(e), combl\u00e9(e), etc &#8230;. etc &#8230;. (Finissez la phrase avec le(s) mot(s) ultra positifs qui vous correspondent \ud83d\ude09 ) ,&nbsp;<\/p>\n<p>alors rejoignez-moi pour cette journ\u00e9e.<\/p>\n<p>Vous b\u00e9n\u00e9ficierez d&#8217;un bain d&#8217;\u00e9nergie puissante prodigu\u00e9e par les chevaux et la Nature. Cette \u00e9nergie bienfaisante, ancr\u00e9e profond\u00e9ment dans la terre, parfaitement align\u00e9e entre ciel\/cosmos\/univers et terre\/Ga\u00efa\/la Nature, est un soin ressour\u00e7ant, lib\u00e9rateur et transformateur.&nbsp;<\/p>\n<p>Gr\u00e2ce \u00e0 cette \u00e9nergie revitalisante et aux exercices de reconnexion \u00e0 Soi que je proposerai durant cette journ\u00e9e, vous gagnerez en finesse de perception, vous serez plus vigilant(e) aux messages de votre corps et plus \u00e0 l&#8217;\u00e9coute de votre intuition et de la voix de votre Coeur.&nbsp;<\/p>\n<p>J&#8217;estime que cette \u00e9coute est la base de tout \u00e9panouissement dans notre vie.&nbsp;<\/p>\n<p><span style=\"font-size: 17px;\">******<\/span><\/p>\n<p>Pour cette journ\u00e9e nous serons accueillis par Charlotte, gardienne du troupeau de chevaux, qui nous recevra dans son \u00e9crin de verdure et s&#8217;assurera de notre s\u00e9curit\u00e9 durant les s\u00e9ances avec les chevaux. Vous aurez ainsi la chance de b\u00e9n\u00e9ficier de sa belle sensibilit\u00e9 et profonde connexion avec ses partenaires \u00e9quins pour recevoir les messages qu&#8217;ils pourraient avoir \u00e0 vous transmettre.&nbsp;<\/p>\n<p>******<\/p>\n<p>Informations pratiques :<\/p>\n<p>&#8211; Journ\u00e9e de 9h30 \u00e0 17h\/18h<\/p>\n<p>&#8211; Lieu : L&#8217;\u00e9crin de Capucine, Lintot (76), pr\u00e8s du Havre, Normandie, France<\/p>\n<p>&#8211; Prix de la journ\u00e9e : 124 euros<\/p>\n<p>&#8211; Pour vous inscrire, merci de m&#8217;envoyer un mail \u00e0 : lungta.equicoaching@gmail.com<\/p>\n<p>******<\/p>\n<p>Au plaisir de vous rencontrer prochainement,&nbsp;<\/p>\n<p>Val\u00e9rie&nbsp;<\/p>\t\t\t\t\t<\/div>\n\t\t\t\t\t\t<\/div>\n\t\t\t\t<\/div>\n\t\t\t\t\t\t<\/div>\n\t\t\t\t\t<\/div>\n\t\t<\/div>\n\t\t\t\t\t\t\t\t<\/div>\n\t\t\t\t\t<\/div>\n\t\t<\/section>\n\t\t\t\t<section class=\"elementor-section elementor-top-section elementor-element elementor-element-96f3ab6 elementor-section-boxed elementor-section-height-default elementor-section-height-default\" data-id=\"96f3ab6\" data-element_type=\"section\">\n\t\t\t\t\t\t<div class=\"elementor-container elementor-column-gap-default\">\n\t\t\t\t\t\t\t<div class=\"elementor-row\">\n\t\t\t\t\t<div class=\"elementor-column elementor-col-100 elementor-top-column elementor-element elementor-element-d225b2f\" data-id=\"d225b2f\" data-element_type=\"column\">\n\t\t\t<div class=\"elementor-column-wrap elementor-element-populated\">\n\t\t\t\t\t\t\t<div class=\"elementor-widget-wrap\">\n\t\t\t\t\t\t<div class=\"elementor-element elementor-element-6aacf82 elementor-widget elementor-widget-button\" data-id=\"6aacf82\" data-element_type=\"widget\" data-widget_type=\"button.default\">\n\t\t\t\t<div class=\"elementor-widget-container\">\n\t\t\t\t\t<div class=\"elementor-button-wrapper\">\n\t\t\t<a href=\"http:\/\/www.lungta-equicoaching.com\/index.php\/contact\/\" target=\"_blank\" class=\"elementor-button-link elementor-button elementor-size-sm\" role=\"button\">\n\t\t\t\t\t\t<span class=\"elementor-button-content-wrapper\">\n\t\t\t\t\t\t<span class=\"elementor-button-text\">Je souhaite participer<\/span>\n\t\t<\/span>\n\t\t\t\t\t<\/a>\n\t\t<\/div>\n\t\t\t\t<\/div>\n\t\t\t\t<\/div>\n\t\t\t\t<div class=\"elementor-element elementor-element-1b1625e elementor-widget elementor-widget-spacer\" data-id=\"1b1625e\" data-element_type=\"widget\" data-widget_type=\"spacer.default\">\n\t\t\t\t<div class=\"elementor-widget-container\">\n\t\t\t\t\t<div class=\"elementor-spacer\">\n\t\t\t<div class=\"elementor-spacer-inner\"><\/div>\n\t\t<\/div>\n\t\t\t\t<\/div>\n\t\t\t\t<\/div>\n\t\t\t\t\t\t<\/div>\n\t\t\t\t\t<\/div>\n\t\t<\/div>\n\t\t\t\t\t\t\t\t<\/div>\n\t\t\t\t\t<\/div>\n\t\t<\/section>\n\t\t\t\t<section class=\"elementor-section elementor-top-section elementor-element elementor-element-b73d3e1 elementor-section-boxed elementor-section-height-default elementor-section-height-default\" data-id=\"b73d3e1\" data-element_type=\"section\">\n\t\t\t\t\t\t<div class=\"elementor-container elementor-column-gap-default\">\n\t\t\t\t\t\t\t<div class=\"elementor-row\">\n\t\t\t\t\t<div class=\"elementor-column elementor-col-100 elementor-top-column elementor-element elementor-element-e854ae9\" data-id=\"e854ae9\" data-element_type=\"column\">\n\t\t\t<div class=\"elementor-column-wrap elementor-element-populated\">\n\t\t\t\t\t\t\t<div class=\"elementor-widget-wrap\">\n\t\t\t\t\t\t<div class=\"elementor-element elementor-element-763cae4 elementor-widget elementor-widget-image\" data-id=\"763cae4\" data-element_type=\"widget\" data-widget_type=\"image.default\">\n\t\t\t\t<div class=\"elementor-widget-container\">\n\t\t\t\t\t\t\t\t<div class=\"elementor-image\">\n\t\t\t\t\t\t\t\t\t\t\t\t<img decoding=\"async\" width=\"640\" height=\"480\" src=\"https:\/\/www.lungta-equicoaching.com\/wp-content\/uploads\/2025\/05\/IMG-20250415-WA0003-768x576.jpg\" class=\"attachment-medium_large size-medium_large\" alt=\"\" loading=\"lazy\" srcset=\"https:\/\/www.lungta-equicoaching.com\/wp-content\/uploads\/2025\/05\/IMG-20250415-WA0003-768x576.jpg 768w, https:\/\/www.lungta-equicoaching.com\/wp-content\/uploads\/2025\/05\/IMG-20250415-WA0003-300x225.jpg 300w, https:\/\/www.lungta-equicoaching.com\/wp-content\/uploads\/2025\/05\/IMG-20250415-WA0003-1024x768.jpg 1024w, https:\/\/www.lungta-equicoaching.com\/wp-content\/uploads\/2025\/05\/IMG-20250415-WA0003-1536x1152.jpg 1536w, https:\/\/www.lungta-equicoaching.com\/wp-content\/uploads\/2025\/05\/IMG-20250415-WA0003.jpg 1600w\" sizes=\"(max-width: 640px) 100vw, 640px\" \/>\t\t\t\t\t\t\t\t\t\t\t\t\t\t<\/div>\n\t\t\t\t\t\t<\/div>\n\t\t\t\t<\/div>\n\t\t\t\t\t\t<\/div>\n\t\t\t\t\t<\/div>\n\t\t<\/div>\n\t\t\t\t\t\t\t\t<\/div>\n\t\t\t\t\t<\/div>\n\t\t<\/section>\n\t\t\t\t\t\t\t\t\t<\/div>\n\t\t\t<\/div>\n\t\t\t\t\t<\/div>\n\t\t","protected":false},"excerpt":{"rendered":"<p>Journ\u00e9e d&#8217;immersion au milieu des chevaux ****** Prochaines dates communiqu\u00e9es bient\u00f4t. ****** A la ferme \u00e9questre L&#8217;Ecrin de Capucine. Entre Le Havre et Rouen, \u00e0 c\u00f4t\u00e9 de Lillebonne, en Seine-Martime \/ Normandie.\u00a0 Je vous invite [&hellip;]<\/p>\n","protected":false},"author":1,"featured_media":0,"parent":0,"menu_order":0,"comment_status":"closed","ping_status":"closed","template":"","meta":[],"_links":{"self":[{"href":"https:\/\/www.lungta-equicoaching.com\/index.php\/wp-json\/wp\/v2\/pages\/2775"}],"collection":[{"href":"https:\/\/www.lungta-equicoaching.com\/index.php\/wp-json\/wp\/v2\/pages"}],"about":[{"href":"https:\/\/www.lungta-equicoaching.com\/index.php\/wp-json\/wp\/v2\/types\/page"}],"author":[{"embeddable":true,"href":"https:\/\/www.lungta-equicoaching.com\/index.php\/wp-json\/wp\/v2\/users\/1"}],"replies":[{"embeddable":true,"href":"https:\/\/www.lungta-equicoaching.com\/index.php\/wp-json\/wp\/v2\/comments?post=2775"}],"version-history":[{"count":64,"href":"https:\/\/www.lungta-equicoaching.com\/index.php\/wp-json\/wp\/v2\/pages\/2775\/revisions"}],"predecessor-version":[{"id":2874,"href":"https:\/\/www.lungta-equicoaching.com\/index.php\/wp-json\/wp\/v2\/pages\/2775\/revisions\/2874"}],"wp:attachment":[{"href":"https:\/\/www.lungta-equicoaching.com\/index.php\/wp-json\/wp\/v2\/media?parent=2775"}],"curies":[{"name":"wp","href":"https:\/\/api.w.org\/{rel}","templated":true}]}}