{"id":234,"date":"2018-10-07T16:16:15","date_gmt":"2018-10-07T14:16:15","guid":{"rendered":"http:\/\/www.lungta-equicoaching.com\/?page_id=234"},"modified":"2025-03-24T15:47:59","modified_gmt":"2025-03-24T14:47:59","slug":"qui-suis-je","status":"publish","type":"page","link":"https:\/\/www.lungta-equicoaching.com\/index.php\/a-propos-de\/qui-suis-je\/","title":{"rendered":"Qui suis-je ?"},"content":{"rendered":"\t\t<div data-elementor-type=\"wp-post\" data-elementor-id=\"234\" class=\"elementor elementor-234\">\n\t\t\t\t\t\t<div class=\"elementor-inner\">\n\t\t\t\t<div class=\"elementor-section-wrap\">\n\t\t\t\t\t\t\t\t\t<section class=\"elementor-section elementor-top-section elementor-element elementor-element-0c9feb0 elementor-section-boxed elementor-section-height-default elementor-section-height-default\" data-id=\"0c9feb0\" data-element_type=\"section\">\n\t\t\t\t\t\t<div class=\"elementor-container elementor-column-gap-default\">\n\t\t\t\t\t\t\t<div class=\"elementor-row\">\n\t\t\t\t\t<div class=\"elementor-column elementor-col-100 elementor-top-column elementor-element elementor-element-6a54989\" data-id=\"6a54989\" data-element_type=\"column\">\n\t\t\t<div class=\"elementor-column-wrap elementor-element-populated\">\n\t\t\t\t\t\t\t<div class=\"elementor-widget-wrap\">\n\t\t\t\t\t\t<section class=\"elementor-section elementor-inner-section elementor-element elementor-element-b9506d4 elementor-section-boxed elementor-section-height-default elementor-section-height-default\" data-id=\"b9506d4\" data-element_type=\"section\">\n\t\t\t\t\t\t<div class=\"elementor-container elementor-column-gap-default\">\n\t\t\t\t\t\t\t<div class=\"elementor-row\">\n\t\t\t\t\t<div class=\"elementor-column elementor-col-50 elementor-inner-column elementor-element elementor-element-02a6e82\" data-id=\"02a6e82\" data-element_type=\"column\">\n\t\t\t<div class=\"elementor-column-wrap elementor-element-populated\">\n\t\t\t\t\t\t\t<div class=\"elementor-widget-wrap\">\n\t\t\t\t\t\t<div class=\"elementor-element elementor-element-8710fd5 elementor-widget elementor-widget-image\" data-id=\"8710fd5\" data-element_type=\"widget\" data-widget_type=\"image.default\">\n\t\t\t\t<div class=\"elementor-widget-container\">\n\t\t\t\t\t\t\t\t<div class=\"elementor-image\">\n\t\t\t\t\t\t\t\t\t\t\t\t<img decoding=\"async\" src=\"https:\/\/www.lungta-equicoaching.com\/wp-content\/uploads\/2020\/03\/P1120576.jpg\" title=\"P1120576\" alt=\"P1120576\" \/>\t\t\t\t\t\t\t\t\t\t\t\t\t\t<\/div>\n\t\t\t\t\t\t<\/div>\n\t\t\t\t<\/div>\n\t\t\t\t<div class=\"elementor-element elementor-element-c6ff07d elementor-widget elementor-widget-text-editor\" data-id=\"c6ff07d\" data-element_type=\"widget\" data-widget_type=\"text-editor.default\">\n\t\t\t\t<div class=\"elementor-widget-container\">\n\t\t\t\t\t\t\t\t<div class=\"elementor-text-editor elementor-clearfix\">\n\t\t\t\t<p>Je suis &#8230;<\/p><p><span style=\"font-size: 17px;\">Je suis &#8230; une m\u00e8re-veilleuse m\u00e8re de deux \u00eatres lumineux\u00a0<\/span><\/p><p><span style=\"font-size: 17px;\">Je suis &#8230; une veilleuse-gardienne de la Terre-M\u00e8re.\u00a0<\/span><\/p><p>Je suis &#8230; une sorci\u00e8re-sourci\u00e8re-soeurci\u00e8re chamane, libre et sauvage.\u00a0<\/p><p>Je suis &#8230; une passeuse entre l&#8217;ancienne \u00e8re et la nouvelle \u00e8re au service de l&#8217;\u00e9volution et de l&#8217;Amour.<\/p><p>Je suis &#8230; une doula de l&#8217;\u00e2me des sages femmes, femmes sages accoucheuses d&#8217;elles-m\u00eames, &#8220;elles-m&#8217;Aiment&#8221;.\u00a0<\/p><p>Je suis &#8230;.\u00a0<\/p><p>Je suis la voix de mon \u00e2me.\u00a0<\/p><p>Je suis.\u00a0<\/p>\t\t\t\t\t<\/div>\n\t\t\t\t\t\t<\/div>\n\t\t\t\t<\/div>\n\t\t\t\t\t\t<\/div>\n\t\t\t\t\t<\/div>\n\t\t<\/div>\n\t\t\t\t<div class=\"elementor-column elementor-col-50 elementor-inner-column elementor-element elementor-element-bafde56\" data-id=\"bafde56\" data-element_type=\"column\">\n\t\t\t<div class=\"elementor-column-wrap elementor-element-populated\">\n\t\t\t\t\t\t\t<div class=\"elementor-widget-wrap\">\n\t\t\t\t\t\t<div class=\"elementor-element elementor-element-c79a742 elementor-widget elementor-widget-text-editor\" data-id=\"c79a742\" data-element_type=\"widget\" data-widget_type=\"text-editor.default\">\n\t\t\t\t<div class=\"elementor-widget-container\">\n\t\t\t\t\t\t\t\t<div class=\"elementor-text-editor elementor-clearfix\">\n\t\t\t\t\t\t\t\t\t<\/div>\n\t\t\t\t\t\t<\/div>\n\t\t\t\t<\/div>\n\t\t\t\t<div class=\"elementor-element elementor-element-c7f149d elementor-widget elementor-widget-heading\" data-id=\"c7f149d\" data-element_type=\"widget\" data-widget_type=\"heading.default\">\n\t\t\t\t<div class=\"elementor-widget-container\">\n\t\t\t<h2 class=\"elementor-heading-title elementor-size-xl\">Qui suis-je ?<\/h2>\t\t<\/div>\n\t\t\t\t<\/div>\n\t\t\t\t<div class=\"elementor-element elementor-element-8daea69 elementor-widget elementor-widget-text-editor\" data-id=\"8daea69\" data-element_type=\"widget\" data-widget_type=\"text-editor.default\">\n\t\t\t\t<div class=\"elementor-widget-container\">\n\t\t\t\t\t\t\t\t<div class=\"elementor-text-editor elementor-clearfix\">\n\t\t\t\t<p>Si vous \u00eates sur cette page c&#8217;est que vous aimeriez en savoir plus sur cette personne qui pourrait vous accompagner, sentir si &#8220;le courant passe&#8221;.\u00a0<\/p><p>Alors je vais vous en d\u00e9voiler un peu plus sur moi :<\/p>\t\t\t\t\t<\/div>\n\t\t\t\t\t\t<\/div>\n\t\t\t\t<\/div>\n\t\t\t\t\t\t<\/div>\n\t\t\t\t\t<\/div>\n\t\t<\/div>\n\t\t\t\t\t\t\t\t<\/div>\n\t\t\t\t\t<\/div>\n\t\t<\/section>\n\t\t\t\t<div class=\"elementor-element elementor-element-5bf186f elementor-widget elementor-widget-spacer\" data-id=\"5bf186f\" data-element_type=\"widget\" data-widget_type=\"spacer.default\">\n\t\t\t\t<div class=\"elementor-widget-container\">\n\t\t\t\t\t<div class=\"elementor-spacer\">\n\t\t\t<div class=\"elementor-spacer-inner\"><\/div>\n\t\t<\/div>\n\t\t\t\t<\/div>\n\t\t\t\t<\/div>\n\t\t\t\t\t\t<\/div>\n\t\t\t\t\t<\/div>\n\t\t<\/div>\n\t\t\t\t\t\t\t\t<\/div>\n\t\t\t\t\t<\/div>\n\t\t<\/section>\n\t\t\t\t<section class=\"elementor-section elementor-top-section elementor-element elementor-element-d921d7b elementor-section-boxed elementor-section-height-default elementor-section-height-default\" data-id=\"d921d7b\" data-element_type=\"section\">\n\t\t\t\t\t\t<div class=\"elementor-container elementor-column-gap-default\">\n\t\t\t\t\t\t\t<div class=\"elementor-row\">\n\t\t\t\t\t<div class=\"elementor-column elementor-col-100 elementor-top-column elementor-element elementor-element-dd31eb7\" data-id=\"dd31eb7\" data-element_type=\"column\">\n\t\t\t<div class=\"elementor-column-wrap elementor-element-populated\">\n\t\t\t\t\t\t\t<div class=\"elementor-widget-wrap\">\n\t\t\t\t\t\t<div class=\"elementor-element elementor-element-e3a22d7 elementor-widget elementor-widget-text-editor\" data-id=\"e3a22d7\" data-element_type=\"widget\" data-widget_type=\"text-editor.default\">\n\t\t\t\t<div class=\"elementor-widget-container\">\n\t\t\t\t\t\t\t\t<div class=\"elementor-text-editor elementor-clearfix\">\n\t\t\t\t<p>L&#8217;\u00e9l\u00e9ment d\u00e9clencheur de mon \u00e9volution vers mon <a href=\"http:\/\/www.lungta-equicoaching.com\/index.php\/letre-authentique-ou-la-voix-du-coeur\/\">\u00catre Authentique<\/a>\u00a0a \u00e9t\u00e9 ma premi\u00e8re grossesse. En devenant maman et en sentant ce petit \u00eatre grandir en moi, j&#8217;ai vraiment pris conscience de l&#8217;importance de faire des choix \u00e9clair\u00e9s, conscients. J&#8217;\u00e9tais responsable d&#8217;une nouvelle vie, je voulais le meilleur pour mon b\u00e9b\u00e9. A force de lectures, de recherches, de rencontres, j&#8217;ai fait des choix de maternage qui finalement me rapprochaient de choix que je consid\u00e8re aujourd&#8217;hui comme naturels, voire sacr\u00e9s : allaitement long, portage, cododo, communication en langue des signes, \u00e9ducation bienveillante.\u00a0<\/p><p><span style=\"font-size: 17px;\">Ce premier b\u00e9b\u00e9 m&#8217;a fait bien grandir &#8230; Et m&#8217;a fait faire un choix de vie \u00e0 180\u00b0c que je ne pensais pas du tout faire avant sa naissance : arr\u00eater de travailler, me mettre en cong\u00e9 parental &#8230;. sans date limite ! Au lieu de me retrouver femme au foyer isol\u00e9e et coup\u00e9e du monde comme beaucoup de personnes de mon entourage le craignaient, j&#8217;ai d\u00e9couvert la vraie vie sociale, celle qu&#8217;on choisit, celle qu&#8217;on vit avec tout son coeur. Des rencontres qui m&#8217;ont nourrie et m&#8217;ont aid\u00e9e \u00e0 prendre confiance en mon r\u00f4le de m\u00e8re.\u00a0<\/span><\/p><p>Puis est arriv\u00e9 mon second b\u00e9b\u00e9. Forte de ces premi\u00e8res ann\u00e9es de maternit\u00e9, j&#8217;ai d\u00e9cid\u00e9 d&#8217;aller plus loin, de respecter encore plus mon b\u00e9b\u00e9 et mes d\u00e9sirs profonds : j&#8217;ai accouch\u00e9 \u00e0 la maison. Ce fut la plus belle exp\u00e9rience de toute ma vie, un v\u00e9ritable rite de passage. En donnant naissance \u00e0 mon b\u00e9b\u00e9 au plus pr\u00e8s de ce que je d\u00e9sirais et sentais juste pour lui, pour moi et pour toute la famille, <strong>j&#8217;ai en m\u00eame temps donn\u00e9 naissance \u00e0 mon nouveau Moi, une grande partie de mon <a href=\"http:\/\/www.lungta-equicoaching.com\/index.php\/letre-authentique-ou-la-voix-du-coeur\/\">\u00catre Authentique<\/a>, fort, puissant, rayonnant. La coquille qui s&#8217;\u00e9tait d\u00e9j\u00e0 bien fissur\u00e9e avec l&#8217;arriv\u00e9e de mon premier b\u00e9b\u00e9 a vol\u00e9 en \u00e9clats le jour de la naissance de mon deuxi\u00e8me b\u00e9b\u00e9 &#8230; et du d\u00e9but de &#8220;moi-m&#8217;aime&#8221;.<\/strong><\/p><p>A partir de l\u00e0, plus rien ne m&#8217;a arr\u00eat\u00e9e pour me red\u00e9couvrir, pour oser me respecter de plus en plus, pour <strong>oser affirmer et \u00caTRE qui je suis au plus profond de mon coeur.\u00a0<\/strong><\/p><p>Des probl\u00e8mes de sant\u00e9 et un \u00e9puisement physique tr\u00e8s important m&#8217;ont amen\u00e9e \u00e0 rechercher mes propres solutions naturelles pour m&#8217;en sortir et \u00e0 comprendre le fonctionnement de mon corps, l&#8217;importance des \u00e9motions, de l&#8217;alimentation, des pens\u00e9es, du mode de vie, etc &#8230; La parentalit\u00e9 me faisait et me fait encore aujourd&#8217;hui m&#8217;interroger toujours plus loin sur le respect de l&#8217;enfant, de la Vie &#8230; Les questions li\u00e9es \u00e0 l&#8217;\u00e9cologie, au respect de la nature, \u00e0 la g\u00e9opolitique (et par cons\u00e9quent au respect des diff\u00e9rentes cultures, ethnies, peuples et de la nature) m&#8217;ont toujours passionn\u00e9es. \u00a0<span style=\"font-size: 16px;\">Je peux dire, avec le recul, que <\/span><strong>je suis en constante recherche du plus juste \u00e9quilibre pour que la Vie, sous toutes ses formes (min\u00e9rale, v\u00e9g\u00e9tale, animale, humaine, &#8230;), puisse pleinement s&#8217;\u00e9panouir dans le respect des Lois Naturelles et ainsi conduire \u00e0 l&#8217;Harmonie, la Beaut\u00e9 et l&#8217;Amour.\u00a0<\/strong><\/p><p>C&#8217;est ainsi qu&#8217;en cheminant je me suis form\u00e9e, en autodidacte ou via des formations, aux soins \u00e9nerg\u00e9tiques et &#8220;alternatifs&#8221; : lithoth\u00e9rapie, aromath\u00e9rapie, Fleurs de Bach, argilo-th\u00e9rapie, Feng Shui, Reiki, bio\u00e9nergie, earthgrounding, sylvoth\u00e9rapie \/ bain de for\u00eat, etc&#8230; Tout ceci m&#8217;aide aujourd&#8217;hui \u00e0 comprendre l&#8217;importance de l&#8217;\u00e9nergie qui nous entoure et \u00e0 en prendre soin. Car <strong>l&#8217;\u00e9nergie c&#8217;est la Vie !\u00a0<\/strong><\/p><p><span style=\"font-size: 16px;\">Puis, il y a quelques ann\u00e9es, je me suis reconnect\u00e9e \u00e0 une passion d&#8217;enfant que j&#8217;avais pris soin d&#8217;oublier dans un coin de mon coeur : les chevaux. <\/span><span style=\"font-size: 16px;\">Gr\u00e2ce \u00e0 mes enfants (encore !), j&#8217;ai os\u00e9 me mettre en selle et sentir la joie m&#8217;envahir aux contact des chevaux. J&#8217;ai red\u00e9couvert une partie de moi-m\u00eame que je n&#8217;aimais pas trop contacter : mon enfant int\u00e9rieur. Mes barri\u00e8res n&#8217;existaient plus quand j&#8217;\u00e9tais \u00e0 cheval, je voulais jouer comme une enfant, rire, prendre du plaisir avec ce magnifique et grandiose animal. Je n&#8217;avais aucune peur quand j&#8217;\u00e9tais avec eux. Je n&#8217;analysais pas encore ce qu&#8217;ils m&#8217;apportaient au plus profond de moi.<\/span><\/p><p>C&#8217;est suite \u00e0 mon premier stage de d\u00e9veloppement personnel assist\u00e9 par le cheval que j&#8217;ai pleinement pris conscience de ce qui se passait entre les chevaux et les humains : <strong>&#8220;les chevaux nous enseignent \u00e0 \u00eatre authentique&#8221;.<\/strong>\u00a0<\/p><p>Il est impossible de feindre quoi que ce soit avec les chevaux. Leur sensibilit\u00e9 est tellement d\u00e9velopp\u00e9e qu&#8217;ils ressentent ce que nous sommes nous-m\u00eame incapables de ressentir. Par cons\u00e9quent ils sont nos miroirs, nous mettent face \u00e0 nos peurs, nos blocages, nos croyances, nos mensonges. De plus, ce sont des gu\u00e9risseurs hors-pairs ; ils savent g\u00e9rer l&#8217;\u00e9nergie, rendre \u00e0 la terre ce qui n&#8217;a plus lieu d&#8217;\u00eatre. C&#8217;est ainsi qu&#8217;ils sont des alli\u00e9s pr\u00e9cieux pour nous aider \u00e0 avancer &#8230; vers &#8220;nous-m&#8217;aime&#8221; !<\/p><p>J&#8217;ai donc naturellement continu\u00e9 mon chemin en me formant \u00e0 l&#8217;\u00e9quicoaching (d\u00e9veloppement personnel guid\u00e9 par le cheval ou m\u00e9diation animale par le cheval) avec le d\u00e9sir, \u00e9tant enthousiasm\u00e9e par toutes ces d\u00e9couvertes et forte de tout ce que j&#8217;ai appris (et continue d&#8217;apprendre !),\u00a0d&#8217;accompagner les femmes, avec\u00a0l&#8217;Energie de Vie et l&#8217;aide pr\u00e9cieuse des chevaux, sur leur chemin personnel vers la red\u00e9couverte d'&#8221;elles-m&#8217;aiment&#8221;, vers l&#8217;expression de leur <a href=\"http:\/\/www.lungta-equicoaching.com\/index.php\/letre-authentique-ou-la-voix-du-coeur\/\">\u00catre Authentique<\/a>. \u00a0\u00a0<\/p><p>C&#8217;est ainsi que Lungta, le cheval du vent est n\u00e9 au printemps 2019.\u00a0<\/p><p>Au fil de mes rencontres, j&#8217;ai r\u00e9alis\u00e9 \u00e0 quel point cette d\u00e9connexion du Coeur et cet \u00e9loignement des principes fondamentaux de la Vie est r\u00e9pandue et douloureuse.\u00a0<span style=\"font-size: 16px;\">J&#8217;ai alors souhait\u00e9\u00a0<\/span><span style=\"font-family: inherit;\"><span style=\"font-style: inherit;\">cr\u00e9er mon oasis pour accueillir des groupes de femmes, au milieu de la Nature et des chevaux et les accompagner<span style=\"font-size: 16px;\">\u00a0sur <\/span>la Voie du Coeur<span style=\"font-size: 16px;\"> pour qu&#8217;elles\u00a0<\/span>se reconnectent \u00e0 l'&#8221;Essence-ciel&#8221; en r\u00eavant leur Vie et en incarnant leurs R\u00eaves. <\/span><\/span><\/p><p><span style=\"font-family: inherit;\"><span style=\"font-style: inherit;\">Ces derni\u00e8res ann\u00e9es, entre 2021 et 2023, ma grande\u00a0<\/span><\/span>le\u00e7on a \u00e9t\u00e9 d&#8217;apprendre<span style=\"font-family: inherit;\"><span style=\"font-style: inherit;\">\u00a0que parfois la vie nous r\u00e9serve autre chose que ce qu&#8217;on poursuit (surtout quand nous sommes une famille de 4 personnes avec des r\u00eaves diff\u00e9rents !), et qu&#8217;il est plus\u00a0<\/span><\/span>agr\u00e9able et constructif de ne pas lutter mais au contraire de s&#8217;en remettre compl\u00e8tement \u00e0 l&#8217;intelligence et la sagesse de la Vie. Ce projet de lieu de ressourcement est donc en stand-by et j&#8217;ai confiance que s&#8217;il doit se concr\u00e9tiser un jour, ce sera au moment juste et parfait.\u00a0<\/p><p>En attendant, je profite des nouvelles aventures qui me sont offertes et notamment celle d&#8217;offrir la possibilit\u00e9 \u00e0 celles et ceux qui le souhaitent d&#8217;acqu\u00e9rir certaines de mes cr\u00e9ations artistiques.<\/p><p><span style=\"font-family: Arial, sans-serif; font-size: 17px; font-style: normal;\">J\u2019ai toujours peint et dessin\u00e9, depuis toute petite. Mais en 2012, ma cr\u00e9ativit\u00e9 a pris une autre dimension et une autre force. Depuis, j\u2019ai toujours besoin d\u2019avoir une cr\u00e9ation en cours, sinon il manque quelque chose \u00e0 mes journ\u00e9es. C\u2019est pour moi un moteur tr\u00e8s puissant qui me nourrit en profondeur et rayonne sur tous les domaines de ma vie.<\/span><\/p><p style=\"font-family: Arial, sans-serif; font-size: 17px; font-style: normal;\">Je me suis rendue compte \u00e0 quel point ce que je cr\u00e9ais \u00e9tait compl\u00e9mentaire de mes autres outils d\u2019accompagnement \u00e9nerg\u00e9tique : en effet, <strong>l\u2019oeuvre d\u2019art avec laquelle on r\u00e9sonne active un processus \u00e9nerg\u00e9tique en soi qui proc\u00e8de comme un soin en venant, par ses fr\u00e9quences, ses vibrations, soigner, nourrir, dissoudre, \u00e9quilibrer, harmoniser, transcender, \u00e9lever, etc \u2026.\u00a0<\/strong><\/p><p>En avril 2024, j\u2019ai enfin os\u00e9 sauter le pas de vendre certaines de mes cr\u00e9ations. Mon but est de vous permettre d\u2019acqu\u00e9rir les oeuvres d\u2019art avec lesquelles vous r\u00e9sonnez afin que leurs puissantes vibrations s\u2019installent et rayonnent dans votre cocon. Vous les trouverez en vente sur ma boutique Etsy &#8220;<a href=\"https:\/\/www.etsy.com\/shop\/daamamaaartintuitif\/?etsrc=sdt\">Daama\u00a0Maa Art Intuitif<\/a>.\u00a0<\/p><p style=\"font-family: Arial, sans-serif; font-size: 17px; font-style: normal;\">Puis, au printemps 2025, la possibilit\u00e9 de proposer \u00e0 nouveau des stages d&#8217;\u00e9quicoaching au milieu d&#8217;un troupeau de magnifiques chevaux, accompagn\u00e9e par leur gardienne et dans un environnement naturel tr\u00e8s propice au ressourcement m&#8217;a \u00e9t\u00e9 offert. J&#8217;ai h\u00e2te de vous accueillir dans cet \u00e9crin pour vous faire d\u00e9couvrir le cadeau que sont les chevaux pour nous faire ressentir notre richesse int\u00e9rieure, notre Puissance, notre force, notre r\u00e9silience ; pour nous reconnecter \u00e0 &#8220;nous-m&#8217;aime&#8221;, \u00e0 notre <a href=\"http:\/\/www.lungta-equicoaching.com\/index.php\/letre-authentique-ou-la-voix-du-coeur\/\">\u00catre Authentique<\/a>.\u00a0<\/p><p style=\"font-family: Arial, sans-serif; font-size: 17px; font-style: normal;\">Au plaisir d&#8217;\u00e9changer avec vous et de vous rencontrer,\u00a0<\/p><p>De tout mon coeur,<\/p><p>Val\u00e9rie<\/p>\t\t\t\t\t<\/div>\n\t\t\t\t\t\t<\/div>\n\t\t\t\t<\/div>\n\t\t\t\t<div class=\"elementor-element elementor-element-030efe7 elementor-align-left elementor-widget elementor-widget-button\" data-id=\"030efe7\" data-element_type=\"widget\" data-widget_type=\"button.default\">\n\t\t\t\t<div class=\"elementor-widget-container\">\n\t\t\t\t\t<div class=\"elementor-button-wrapper\">\n\t\t\t<a href=\"http:\/\/www.lungta-equicoaching.com\/index.php\/contact\/\" target=\"_blank\" class=\"elementor-button-link elementor-button elementor-size-sm\" role=\"button\">\n\t\t\t\t\t\t<span class=\"elementor-button-content-wrapper\">\n\t\t\t\t\t\t<span class=\"elementor-button-text\">Je prends contact<\/span>\n\t\t<\/span>\n\t\t\t\t\t<\/a>\n\t\t<\/div>\n\t\t\t\t<\/div>\n\t\t\t\t<\/div>\n\t\t\t\t\t\t<\/div>\n\t\t\t\t\t<\/div>\n\t\t<\/div>\n\t\t\t\t\t\t\t\t<\/div>\n\t\t\t\t\t<\/div>\n\t\t<\/section>\n\t\t\t\t\t\t\t\t\t<\/div>\n\t\t\t<\/div>\n\t\t\t\t\t<\/div>\n\t\t","protected":false},"excerpt":{"rendered":"<p>Je suis &#8230; Je suis &#8230; une m\u00e8re-veilleuse m\u00e8re de deux \u00eatres lumineux\u00a0 Je suis &#8230; une veilleuse-gardienne de la Terre-M\u00e8re.\u00a0 Je suis &#8230; une sorci\u00e8re-sourci\u00e8re-soeurci\u00e8re chamane, libre et sauvage.\u00a0 Je suis &#8230; une passeuse [&hellip;]<\/p>\n","protected":false},"author":1,"featured_media":0,"parent":19,"menu_order":0,"comment_status":"closed","ping_status":"closed","template":"","meta":[],"_links":{"self":[{"href":"https:\/\/www.lungta-equicoaching.com\/index.php\/wp-json\/wp\/v2\/pages\/234"}],"collection":[{"href":"https:\/\/www.lungta-equicoaching.com\/index.php\/wp-json\/wp\/v2\/pages"}],"about":[{"href":"https:\/\/www.lungta-equicoaching.com\/index.php\/wp-json\/wp\/v2\/types\/page"}],"author":[{"embeddable":true,"href":"https:\/\/www.lungta-equicoaching.com\/index.php\/wp-json\/wp\/v2\/users\/1"}],"replies":[{"embeddable":true,"href":"https:\/\/www.lungta-equicoaching.com\/index.php\/wp-json\/wp\/v2\/comments?post=234"}],"version-history":[{"count":78,"href":"https:\/\/www.lungta-equicoaching.com\/index.php\/wp-json\/wp\/v2\/pages\/234\/revisions"}],"predecessor-version":[{"id":2742,"href":"https:\/\/www.lungta-equicoaching.com\/index.php\/wp-json\/wp\/v2\/pages\/234\/revisions\/2742"}],"up":[{"embeddable":true,"href":"https:\/\/www.lungta-equicoaching.com\/index.php\/wp-json\/wp\/v2\/pages\/19"}],"wp:attachment":[{"href":"https:\/\/www.lungta-equicoaching.com\/index.php\/wp-json\/wp\/v2\/media?parent=234"}],"curies":[{"name":"wp","href":"https:\/\/api.w.org\/{rel}","templated":true}]}}