{"id":20,"date":"2018-09-18T17:07:32","date_gmt":"2018-09-18T15:07:32","guid":{"rendered":"http:\/\/www.lungta-equicoaching.com\/?page_id=20"},"modified":"2025-05-07T16:50:21","modified_gmt":"2025-05-07T14:50:21","slug":"contact","status":"publish","type":"page","link":"https:\/\/www.lungta-equicoaching.com\/index.php\/contact\/","title":{"rendered":"Contact"},"content":{"rendered":"\t\t<div data-elementor-type=\"wp-post\" data-elementor-id=\"20\" class=\"elementor elementor-20\">\n\t\t\t\t\t\t<div class=\"elementor-inner\">\n\t\t\t\t<div class=\"elementor-section-wrap\">\n\t\t\t\t\t\t\t\t\t<section class=\"elementor-section elementor-top-section elementor-element elementor-element-71d5e5be elementor-section-stretched elementor-section-full_width elementor-section-height-default elementor-section-height-default\" data-id=\"71d5e5be\" data-element_type=\"section\" data-settings=\"{&quot;stretch_section&quot;:&quot;section-stretched&quot;,&quot;background_background&quot;:&quot;classic&quot;}\">\n\t\t\t\t\t\t<div class=\"elementor-container elementor-column-gap-default\">\n\t\t\t\t\t\t\t<div class=\"elementor-row\">\n\t\t\t\t\t<div class=\"elementor-column elementor-col-100 elementor-top-column elementor-element elementor-element-1dbbc90b\" data-id=\"1dbbc90b\" data-element_type=\"column\">\n\t\t\t<div class=\"elementor-column-wrap elementor-element-populated\">\n\t\t\t\t\t\t\t<div class=\"elementor-widget-wrap\">\n\t\t\t\t\t\t<div class=\"elementor-element elementor-element-8872bcf elementor-widget elementor-widget-heading\" data-id=\"8872bcf\" data-element_type=\"widget\" data-widget_type=\"heading.default\">\n\t\t\t\t<div class=\"elementor-widget-container\">\n\t\t\t<h2 class=\"elementor-heading-title elementor-size-xl\">Contact<\/h2>\t\t<\/div>\n\t\t\t\t<\/div>\n\t\t\t\t\t\t<\/div>\n\t\t\t\t\t<\/div>\n\t\t<\/div>\n\t\t\t\t\t\t\t\t<\/div>\n\t\t\t\t\t<\/div>\n\t\t<\/section>\n\t\t\t\t<section class=\"elementor-section elementor-top-section elementor-element elementor-element-0529ef6 elementor-section-boxed elementor-section-height-default elementor-section-height-default\" data-id=\"0529ef6\" data-element_type=\"section\">\n\t\t\t\t\t\t<div class=\"elementor-container elementor-column-gap-default\">\n\t\t\t\t\t\t\t<div class=\"elementor-row\">\n\t\t\t\t\t<div class=\"elementor-column elementor-col-100 elementor-top-column elementor-element elementor-element-4ddc81e\" data-id=\"4ddc81e\" data-element_type=\"column\">\n\t\t\t<div class=\"elementor-column-wrap elementor-element-populated\">\n\t\t\t\t\t\t\t<div class=\"elementor-widget-wrap\">\n\t\t\t\t\t\t<div class=\"elementor-element elementor-element-59912d0 elementor-widget elementor-widget-spacer\" data-id=\"59912d0\" data-element_type=\"widget\" data-widget_type=\"spacer.default\">\n\t\t\t\t<div class=\"elementor-widget-container\">\n\t\t\t\t\t<div class=\"elementor-spacer\">\n\t\t\t<div class=\"elementor-spacer-inner\"><\/div>\n\t\t<\/div>\n\t\t\t\t<\/div>\n\t\t\t\t<\/div>\n\t\t\t\t<div class=\"elementor-element elementor-element-6ef2897 elementor-widget elementor-widget-text-editor\" data-id=\"6ef2897\" data-element_type=\"widget\" data-widget_type=\"text-editor.default\">\n\t\t\t\t<div class=\"elementor-widget-container\">\n\t\t\t\t\t\t\t\t<div class=\"elementor-text-editor elementor-clearfix\">\n\t\t\t\t<p>Pour participer \u00e0 une journ\u00e9e d&#8217;immersion au milieu des chevaux, pour un entretien-conseil en Fleurs de Bach, pour une \u00e9tude Feng Shui de votre maison, pour un ou plusieurs soins REIKI ou pour toutes autres questions, comme par exemple les oeuvres d&#8217;Art \u00e0 vendre, contactez-moi par mail \u00e0 <strong>lungta.equicoaching@gmail.com<\/strong> ou par t\u00e9l\u00e9phone au <strong>06 59 43 97 38<\/strong>.<\/p><p><span style=\"font-size: 17px;\">Retrouvez-moi aussi sur <\/span><a style=\"font-size: 17px;\" href=\"https:\/\/www.instagram.com\/daamamaaartintuitif\/\">Instagram<\/a><span style=\"font-size: 17px;\">\u00a0<\/span><a style=\"font-size: 17px;\" href=\"https:\/\/www.instagram.com\/daamamaaartintuitif\/\">@daamamaaartintuitif<\/a><span style=\"font-size: 17px;\">\u00a0et sur Telegram\u00a0<a href=\"http:\/\/t.me\/+HdL9EfLXAIM4MDE0\">LA VOIE DU COEUR.\u00a0<\/a><\/span><\/p><p><span style=\"font-size: 17px;\">Merci !<\/span><\/p>\t\t\t\t\t<\/div>\n\t\t\t\t\t\t<\/div>\n\t\t\t\t<\/div>\n\t\t\t\t<div class=\"elementor-element elementor-element-9df2d75 elementor-widget elementor-widget-image\" data-id=\"9df2d75\" data-element_type=\"widget\" data-widget_type=\"image.default\">\n\t\t\t\t<div class=\"elementor-widget-container\">\n\t\t\t\t\t\t\t\t<div class=\"elementor-image\">\n\t\t\t\t\t\t\t\t\t\t\t\t<img decoding=\"async\" width=\"237\" height=\"300\" src=\"https:\/\/www.lungta-equicoaching.com\/wp-content\/uploads\/2024\/11\/20240704_172929-237x300.jpeg\" class=\"attachment-medium size-medium\" alt=\"\" loading=\"lazy\" srcset=\"https:\/\/www.lungta-equicoaching.com\/wp-content\/uploads\/2024\/11\/20240704_172929-237x300.jpeg 237w, https:\/\/www.lungta-equicoaching.com\/wp-content\/uploads\/2024\/11\/20240704_172929-809x1024.jpeg 809w, https:\/\/www.lungta-equicoaching.com\/wp-content\/uploads\/2024\/11\/20240704_172929-768x972.jpeg 768w, https:\/\/www.lungta-equicoaching.com\/wp-content\/uploads\/2024\/11\/20240704_172929.jpeg 1034w\" sizes=\"(max-width: 237px) 100vw, 237px\" \/>\t\t\t\t\t\t\t\t\t\t\t\t\t\t<\/div>\n\t\t\t\t\t\t<\/div>\n\t\t\t\t<\/div>\n\t\t\t\t\t\t<\/div>\n\t\t\t\t\t<\/div>\n\t\t<\/div>\n\t\t\t\t\t\t\t\t<\/div>\n\t\t\t\t\t<\/div>\n\t\t<\/section>\n\t\t\t\t<section class=\"elementor-section elementor-top-section elementor-element elementor-element-7936f79 elementor-section-stretched elementor-section-full_width elementor-section-height-default elementor-section-height-default\" data-id=\"7936f79\" data-element_type=\"section\" data-settings=\"{&quot;stretch_section&quot;:&quot;section-stretched&quot;}\">\n\t\t\t\t\t\t<div class=\"elementor-container elementor-column-gap-default\">\n\t\t\t\t\t\t\t<div class=\"elementor-row\">\n\t\t\t\t\t<div class=\"elementor-column elementor-col-100 elementor-top-column elementor-element elementor-element-b2facac\" data-id=\"b2facac\" data-element_type=\"column\">\n\t\t\t<div class=\"elementor-column-wrap\">\n\t\t\t\t\t\t\t<div class=\"elementor-widget-wrap\">\n\t\t\t\t\t\t\t\t<\/div>\n\t\t\t\t\t<\/div>\n\t\t<\/div>\n\t\t\t\t\t\t\t\t<\/div>\n\t\t\t\t\t<\/div>\n\t\t<\/section>\n\t\t\t\t\t\t\t\t\t<\/div>\n\t\t\t<\/div>\n\t\t\t\t\t<\/div>\n\t\t","protected":false},"excerpt":{"rendered":"<p>Contact Pour participer \u00e0 une journ\u00e9e d&#8217;immersion au milieu des chevaux, pour un entretien-conseil en Fleurs de Bach, pour une \u00e9tude Feng Shui de votre maison, pour un ou plusieurs soins REIKI ou pour toutes [&hellip;]<\/p>\n","protected":false},"author":1,"featured_media":0,"parent":0,"menu_order":0,"comment_status":"closed","ping_status":"closed","template":"","meta":[],"_links":{"self":[{"href":"https:\/\/www.lungta-equicoaching.com\/index.php\/wp-json\/wp\/v2\/pages\/20"}],"collection":[{"href":"https:\/\/www.lungta-equicoaching.com\/index.php\/wp-json\/wp\/v2\/pages"}],"about":[{"href":"https:\/\/www.lungta-equicoaching.com\/index.php\/wp-json\/wp\/v2\/types\/page"}],"author":[{"embeddable":true,"href":"https:\/\/www.lungta-equicoaching.com\/index.php\/wp-json\/wp\/v2\/users\/1"}],"replies":[{"embeddable":true,"href":"https:\/\/www.lungta-equicoaching.com\/index.php\/wp-json\/wp\/v2\/comments?post=20"}],"version-history":[{"count":111,"href":"https:\/\/www.lungta-equicoaching.com\/index.php\/wp-json\/wp\/v2\/pages\/20\/revisions"}],"predecessor-version":[{"id":2884,"href":"https:\/\/www.lungta-equicoaching.com\/index.php\/wp-json\/wp\/v2\/pages\/20\/revisions\/2884"}],"wp:attachment":[{"href":"https:\/\/www.lungta-equicoaching.com\/index.php\/wp-json\/wp\/v2\/media?parent=20"}],"curies":[{"name":"wp","href":"https:\/\/api.w.org\/{rel}","templated":true}]}}