{"id":19,"date":"2018-09-18T17:07:32","date_gmt":"2018-09-18T15:07:32","guid":{"rendered":"http:\/\/www.lungta-equicoaching.com\/?page_id=19"},"modified":"2025-03-24T16:21:48","modified_gmt":"2025-03-24T15:21:48","slug":"a-propos-de","status":"publish","type":"page","link":"https:\/\/www.lungta-equicoaching.com\/index.php\/a-propos-de\/","title":{"rendered":"A propos"},"content":{"rendered":"\t\t<div data-elementor-type=\"wp-post\" data-elementor-id=\"19\" class=\"elementor elementor-19\">\n\t\t\t\t\t\t<div class=\"elementor-inner\">\n\t\t\t\t<div class=\"elementor-section-wrap\">\n\t\t\t\t\t\t\t\t\t<section class=\"elementor-section elementor-top-section elementor-element elementor-element-8e30da9 elementor-section-boxed elementor-section-height-default elementor-section-height-default\" data-id=\"8e30da9\" data-element_type=\"section\">\n\t\t\t\t\t\t<div class=\"elementor-container elementor-column-gap-default\">\n\t\t\t\t\t\t\t<div class=\"elementor-row\">\n\t\t\t\t\t<div class=\"elementor-column elementor-col-100 elementor-top-column elementor-element elementor-element-f76ac9e\" data-id=\"f76ac9e\" data-element_type=\"column\">\n\t\t\t<div class=\"elementor-column-wrap elementor-element-populated\">\n\t\t\t\t\t\t\t<div class=\"elementor-widget-wrap\">\n\t\t\t\t\t\t<div class=\"elementor-element elementor-element-a6fdfcf elementor-widget elementor-widget-text-editor\" data-id=\"a6fdfcf\" data-element_type=\"widget\" data-widget_type=\"text-editor.default\">\n\t\t\t\t<div class=\"elementor-widget-container\">\n\t\t\t\t\t\t\t\t<div class=\"elementor-text-editor elementor-clearfix\">\n\t\t\t\t<p>Ancrer dans la mati\u00e8re les plus Hautes Vibrations d&#8217;Amour et de Vie\u00a0<\/p><p>qui vont rayonner la Beaut\u00e9 et la Joie.\u00a0<\/p>\t\t\t\t\t<\/div>\n\t\t\t\t\t\t<\/div>\n\t\t\t\t<\/div>\n\t\t\t\t<section class=\"elementor-section elementor-inner-section elementor-element elementor-element-056a812 elementor-section-boxed elementor-section-height-default elementor-section-height-default\" data-id=\"056a812\" data-element_type=\"section\">\n\t\t\t\t\t\t<div class=\"elementor-container elementor-column-gap-default\">\n\t\t\t\t\t\t\t<div class=\"elementor-row\">\n\t\t\t\t\t<div class=\"elementor-column elementor-col-50 elementor-inner-column elementor-element elementor-element-66fa1be\" data-id=\"66fa1be\" data-element_type=\"column\">\n\t\t\t<div class=\"elementor-column-wrap elementor-element-populated\">\n\t\t\t\t\t\t\t<div class=\"elementor-widget-wrap\">\n\t\t\t\t\t\t<div class=\"elementor-element elementor-element-6cb805c elementor-widget elementor-widget-spacer\" data-id=\"6cb805c\" data-element_type=\"widget\" data-widget_type=\"spacer.default\">\n\t\t\t\t<div class=\"elementor-widget-container\">\n\t\t\t\t\t<div class=\"elementor-spacer\">\n\t\t\t<div class=\"elementor-spacer-inner\"><\/div>\n\t\t<\/div>\n\t\t\t\t<\/div>\n\t\t\t\t<\/div>\n\t\t\t\t<div class=\"elementor-element elementor-element-2b95ee9 elementor-widget elementor-widget-image\" data-id=\"2b95ee9\" data-element_type=\"widget\" data-widget_type=\"image.default\">\n\t\t\t\t<div class=\"elementor-widget-container\">\n\t\t\t\t\t\t\t\t<div class=\"elementor-image\">\n\t\t\t\t\t\t\t\t\t\t\t\t<img decoding=\"async\" width=\"640\" height=\"422\" src=\"https:\/\/www.lungta-equicoaching.com\/wp-content\/uploads\/2025\/03\/127892894_366684161064770_2870565322234037686_n-768x506.jpeg\" class=\"attachment-medium_large size-medium_large\" alt=\"\" loading=\"lazy\" srcset=\"https:\/\/www.lungta-equicoaching.com\/wp-content\/uploads\/2025\/03\/127892894_366684161064770_2870565322234037686_n-768x506.jpeg 768w, https:\/\/www.lungta-equicoaching.com\/wp-content\/uploads\/2025\/03\/127892894_366684161064770_2870565322234037686_n-300x198.jpeg 300w, https:\/\/www.lungta-equicoaching.com\/wp-content\/uploads\/2025\/03\/127892894_366684161064770_2870565322234037686_n-1024x675.jpeg 1024w, https:\/\/www.lungta-equicoaching.com\/wp-content\/uploads\/2025\/03\/127892894_366684161064770_2870565322234037686_n-1536x1012.jpeg 1536w, https:\/\/www.lungta-equicoaching.com\/wp-content\/uploads\/2025\/03\/127892894_366684161064770_2870565322234037686_n.jpeg 2048w\" sizes=\"(max-width: 640px) 100vw, 640px\" \/>\t\t\t\t\t\t\t\t\t\t\t\t\t\t<\/div>\n\t\t\t\t\t\t<\/div>\n\t\t\t\t<\/div>\n\t\t\t\t\t\t<\/div>\n\t\t\t\t\t<\/div>\n\t\t<\/div>\n\t\t\t\t<div class=\"elementor-column elementor-col-50 elementor-inner-column elementor-element elementor-element-e184db6\" data-id=\"e184db6\" data-element_type=\"column\">\n\t\t\t<div class=\"elementor-column-wrap elementor-element-populated\">\n\t\t\t\t\t\t\t<div class=\"elementor-widget-wrap\">\n\t\t\t\t\t\t<div class=\"elementor-element elementor-element-4a870ad elementor-widget elementor-widget-text-editor\" data-id=\"4a870ad\" data-element_type=\"widget\" data-widget_type=\"text-editor.default\">\n\t\t\t\t<div class=\"elementor-widget-container\">\n\t\t\t\t\t\t\t\t<div class=\"elementor-text-editor elementor-clearfix\">\n\t\t\t\t<p><span style=\"font-size: 15px;\">Bienvenue \u00e0 vous qui croisez mon chemin !<\/span><\/p><p>Vous croyez encore au hasard vous ?\u00a0<span style=\"font-size: 15px;\">Moi plus du tout !<\/span><\/p><p>Si vous \u00eates sur ce site c&#8217;est que vous \u00eates \u00e0 la recherche de quelqu&#8217;un : vous-m\u00eame. Que je pr\u00e9f\u00e8re \u00e9crire : &#8220;vous-m&#8217;aime&#8221; car quand on s&#8217;aime on ne se cherche plus&#8230;<\/p><p>Et oui, il n&#8217;y a pas de hasard car j&#8217;ai longtemps \u00e9t\u00e9 en recherche de &#8220;moi-m&#8217;aime&#8221;. Pour \u00eatre honn\u00eate, je le suis encore parfois, les vieux d\u00e9mons ne sont pas encore tous exorcis\u00e9s. Mais je suis en chemin, depuis de nombreuses ann\u00e9es maintenant, et aujourd&#8217;hui je m&#8217;aime suffisamment pour me sentir confiante et l\u00e9gitime pour <b>vous accompagner en toute humilit\u00e9 sur une partie de votre chemin vers la (re)d\u00e9couverte de votre \u00catre Authentique qui m\u00e8nera incontournablement \u00e0 l&#8217;amour de vous-m\u00eame.\u00a0<\/b><\/p>\t\t\t\t\t<\/div>\n\t\t\t\t\t\t<\/div>\n\t\t\t\t<\/div>\n\t\t\t\t<div class=\"elementor-element elementor-element-b784f84 elementor-widget elementor-widget-text-editor\" data-id=\"b784f84\" data-element_type=\"widget\" data-widget_type=\"text-editor.default\">\n\t\t\t\t<div class=\"elementor-widget-container\">\n\t\t\t\t\t\t\t\t<div class=\"elementor-text-editor elementor-clearfix\">\n\t\t\t\t\t\t\t\t\t<\/div>\n\t\t\t\t\t\t<\/div>\n\t\t\t\t<\/div>\n\t\t\t\t<div class=\"elementor-element elementor-element-b807c8b elementor-widget elementor-widget-spacer\" data-id=\"b807c8b\" data-element_type=\"widget\" data-widget_type=\"spacer.default\">\n\t\t\t\t<div class=\"elementor-widget-container\">\n\t\t\t\t\t<div class=\"elementor-spacer\">\n\t\t\t<div class=\"elementor-spacer-inner\"><\/div>\n\t\t<\/div>\n\t\t\t\t<\/div>\n\t\t\t\t<\/div>\n\t\t\t\t<div class=\"elementor-element elementor-element-caab91f elementor-widget elementor-widget-button\" data-id=\"caab91f\" data-element_type=\"widget\" data-widget_type=\"button.default\">\n\t\t\t\t<div class=\"elementor-widget-container\">\n\t\t\t\t\t<div class=\"elementor-button-wrapper\">\n\t\t\t<a href=\"http:\/\/www.lungta-equicoaching.com\/index.php\/contact\/\" target=\"_blank\" class=\"elementor-button-link elementor-button elementor-size-sm\" role=\"button\">\n\t\t\t\t\t\t<span class=\"elementor-button-content-wrapper\">\n\t\t\t\t\t\t<span class=\"elementor-button-text\">Contactez-moi<\/span>\n\t\t<\/span>\n\t\t\t\t\t<\/a>\n\t\t<\/div>\n\t\t\t\t<\/div>\n\t\t\t\t<\/div>\n\t\t\t\t<div class=\"elementor-element elementor-element-158b1fe elementor-widget elementor-widget-text-editor\" data-id=\"158b1fe\" data-element_type=\"widget\" data-widget_type=\"text-editor.default\">\n\t\t\t\t<div class=\"elementor-widget-container\">\n\t\t\t\t\t\t\t\t<div class=\"elementor-text-editor elementor-clearfix\">\n\t\t\t\t\t\t\t\t\t<\/div>\n\t\t\t\t\t\t<\/div>\n\t\t\t\t<\/div>\n\t\t\t\t\t\t<\/div>\n\t\t\t\t\t<\/div>\n\t\t<\/div>\n\t\t\t\t\t\t\t\t<\/div>\n\t\t\t\t\t<\/div>\n\t\t<\/section>\n\t\t\t\t\t\t<\/div>\n\t\t\t\t\t<\/div>\n\t\t<\/div>\n\t\t\t\t\t\t\t\t<\/div>\n\t\t\t\t\t<\/div>\n\t\t<\/section>\n\t\t\t\t<section class=\"elementor-section elementor-top-section elementor-element elementor-element-5aca3af elementor-section-boxed elementor-section-height-default elementor-section-height-default\" data-id=\"5aca3af\" data-element_type=\"section\">\n\t\t\t\t\t\t<div class=\"elementor-container elementor-column-gap-default\">\n\t\t\t\t\t\t\t<div class=\"elementor-row\">\n\t\t\t\t\t<div class=\"elementor-column elementor-col-100 elementor-top-column elementor-element elementor-element-8ced403\" data-id=\"8ced403\" data-element_type=\"column\">\n\t\t\t<div class=\"elementor-column-wrap elementor-element-populated\">\n\t\t\t\t\t\t\t<div class=\"elementor-widget-wrap\">\n\t\t\t\t\t\t<div class=\"elementor-element elementor-element-bd6cbe6 elementor-align-left elementor-icon-list--layout-traditional elementor-list-item-link-full_width elementor-widget elementor-widget-icon-list\" data-id=\"bd6cbe6\" data-element_type=\"widget\" data-widget_type=\"icon-list.default\">\n\t\t\t\t<div class=\"elementor-widget-container\">\n\t\t\t\t\t<ul class=\"elementor-icon-list-items\">\n\t\t\t\t\t\t\t<li class=\"elementor-icon-list-item\">\n\t\t\t\t\t\t\t\t\t\t\t<a href=\"http:\/\/www.lungta-equicoaching.com\/index.php\/a-propos-de\/qui-suis-je\/\">\n\n\t\t\t\t\t\t\t\t\t\t\t\t<span class=\"elementor-icon-list-icon\">\n\t\t\t\t\t\t\t<i aria-hidden=\"true\" class=\"fas fa-circle\"><\/i>\t\t\t\t\t\t<\/span>\n\t\t\t\t\t\t\t\t\t\t<span class=\"elementor-icon-list-text\">Qui suis-je ?<\/span>\n\t\t\t\t\t\t\t\t\t\t\t<\/a>\n\t\t\t\t\t\t\t\t\t<\/li>\n\t\t\t\t\t\t\t\t<li class=\"elementor-icon-list-item\">\n\t\t\t\t\t\t\t\t\t\t\t<a href=\"http:\/\/www.lungta-equicoaching.com\/index.php\/letre-authentique-ou-la-voix-du-coeur\/\">\n\n\t\t\t\t\t\t\t\t\t\t\t\t<span class=\"elementor-icon-list-icon\">\n\t\t\t\t\t\t\t<i aria-hidden=\"true\" class=\"fas fa-circle\"><\/i>\t\t\t\t\t\t<\/span>\n\t\t\t\t\t\t\t\t\t\t<span class=\"elementor-icon-list-text\">L'\u00catre Authentique ou la voix du Coeur<\/span>\n\t\t\t\t\t\t\t\t\t\t\t<\/a>\n\t\t\t\t\t\t\t\t\t<\/li>\n\t\t\t\t\t\t\t\t<li class=\"elementor-icon-list-item\">\n\t\t\t\t\t\t\t\t\t\t\t<a href=\"https:\/\/www.lungta-equicoaching.com\/index.php\/a-propos-de\/mes-cordes-a-mon-arc-mes-outils\/\">\n\n\t\t\t\t\t\t\t\t\t\t\t\t<span class=\"elementor-icon-list-icon\">\n\t\t\t\t\t\t\t<i aria-hidden=\"true\" class=\"fas fa-circle\"><\/i>\t\t\t\t\t\t<\/span>\n\t\t\t\t\t\t\t\t\t\t<span class=\"elementor-icon-list-text\">Mes cordes \u00e0 mon arc - Mes outils<\/span>\n\t\t\t\t\t\t\t\t\t\t\t<\/a>\n\t\t\t\t\t\t\t\t\t<\/li>\n\t\t\t\t\t\t<\/ul>\n\t\t\t\t<\/div>\n\t\t\t\t<\/div>\n\t\t\t\t\t\t<\/div>\n\t\t\t\t\t<\/div>\n\t\t<\/div>\n\t\t\t\t\t\t\t\t<\/div>\n\t\t\t\t\t<\/div>\n\t\t<\/section>\n\t\t\t\t\t\t\t\t\t<\/div>\n\t\t\t<\/div>\n\t\t\t\t\t<\/div>\n\t\t","protected":false},"excerpt":{"rendered":"<p>Ancrer dans la mati\u00e8re les plus Hautes Vibrations d&#8217;Amour et de Vie\u00a0 qui vont rayonner la Beaut\u00e9 et la Joie.\u00a0 Bienvenue \u00e0 vous qui croisez mon chemin ! Vous croyez encore au hasard vous ?\u00a0Moi [&hellip;]<\/p>\n","protected":false},"author":1,"featured_media":0,"parent":0,"menu_order":0,"comment_status":"closed","ping_status":"closed","template":"","meta":[],"_links":{"self":[{"href":"https:\/\/www.lungta-equicoaching.com\/index.php\/wp-json\/wp\/v2\/pages\/19"}],"collection":[{"href":"https:\/\/www.lungta-equicoaching.com\/index.php\/wp-json\/wp\/v2\/pages"}],"about":[{"href":"https:\/\/www.lungta-equicoaching.com\/index.php\/wp-json\/wp\/v2\/types\/page"}],"author":[{"embeddable":true,"href":"https:\/\/www.lungta-equicoaching.com\/index.php\/wp-json\/wp\/v2\/users\/1"}],"replies":[{"embeddable":true,"href":"https:\/\/www.lungta-equicoaching.com\/index.php\/wp-json\/wp\/v2\/comments?post=19"}],"version-history":[{"count":74,"href":"https:\/\/www.lungta-equicoaching.com\/index.php\/wp-json\/wp\/v2\/pages\/19\/revisions"}],"predecessor-version":[{"id":2767,"href":"https:\/\/www.lungta-equicoaching.com\/index.php\/wp-json\/wp\/v2\/pages\/19\/revisions\/2767"}],"wp:attachment":[{"href":"https:\/\/www.lungta-equicoaching.com\/index.php\/wp-json\/wp\/v2\/media?parent=19"}],"curies":[{"name":"wp","href":"https:\/\/api.w.org\/{rel}","templated":true}]}}