{"id":1088,"date":"2020-06-13T16:33:52","date_gmt":"2020-06-13T14:33:52","guid":{"rendered":"http:\/\/www.lungta-equicoaching.com\/?page_id=1088"},"modified":"2025-03-24T16:47:35","modified_gmt":"2025-03-24T15:47:35","slug":"letre-authentique-ou-la-voix-du-coeur","status":"publish","type":"page","link":"https:\/\/www.lungta-equicoaching.com\/index.php\/letre-authentique-ou-la-voix-du-coeur\/","title":{"rendered":""},"content":{"rendered":"\t\t<div data-elementor-type=\"wp-post\" data-elementor-id=\"1088\" class=\"elementor elementor-1088\">\n\t\t\t\t\t\t<div class=\"elementor-inner\">\n\t\t\t\t<div class=\"elementor-section-wrap\">\n\t\t\t\t\t\t\t\t\t<section class=\"elementor-section elementor-top-section elementor-element elementor-element-b9ed688 elementor-section-boxed elementor-section-height-default elementor-section-height-default\" data-id=\"b9ed688\" data-element_type=\"section\">\n\t\t\t\t\t\t<div class=\"elementor-container elementor-column-gap-default\">\n\t\t\t\t\t\t\t<div class=\"elementor-row\">\n\t\t\t\t\t<div class=\"elementor-column elementor-col-100 elementor-top-column elementor-element elementor-element-ece5ca6\" data-id=\"ece5ca6\" data-element_type=\"column\">\n\t\t\t<div class=\"elementor-column-wrap elementor-element-populated\">\n\t\t\t\t\t\t\t<div class=\"elementor-widget-wrap\">\n\t\t\t\t\t\t<div class=\"elementor-element elementor-element-c786552 elementor-widget elementor-widget-heading\" data-id=\"c786552\" data-element_type=\"widget\" data-widget_type=\"heading.default\">\n\t\t\t\t<div class=\"elementor-widget-container\">\n\t\t\t<h2 class=\"elementor-heading-title elementor-size-default\">L'\u00catre Authentique ou la voix du Coeur<\/h2>\t\t<\/div>\n\t\t\t\t<\/div>\n\t\t\t\t<div class=\"elementor-element elementor-element-71df4dc elementor-widget elementor-widget-spacer\" data-id=\"71df4dc\" data-element_type=\"widget\" data-widget_type=\"spacer.default\">\n\t\t\t\t<div class=\"elementor-widget-container\">\n\t\t\t\t\t<div class=\"elementor-spacer\">\n\t\t\t<div class=\"elementor-spacer-inner\"><\/div>\n\t\t<\/div>\n\t\t\t\t<\/div>\n\t\t\t\t<\/div>\n\t\t\t\t<div class=\"elementor-element elementor-element-fdf489b elementor-widget elementor-widget-text-editor\" data-id=\"fdf489b\" data-element_type=\"widget\" data-widget_type=\"text-editor.default\">\n\t\t\t\t<div class=\"elementor-widget-container\">\n\t\t\t\t\t\t\t\t<div class=\"elementor-text-editor elementor-clearfix\">\n\t\t\t\t<div class=\"_2cuy _3dgx _2vxa\">Lungta, le cheval du vent est n\u00e9 de ma volont\u00e9 d\u2019accompagner les femmes sensibles, instinctives et proches de la Nature vers la red\u00e9couverte de leur <strong>\u00catre Authentique.<\/strong><\/div>\n<div class=\"_2cuy _3dgx _2vxa\">&nbsp;<\/div>\n<div class=\"_2cuy _3dgx _2vxa\">Qu\u2019est-ce que \u201c<strong>l\u2019\u00catre Authentique<\/strong>\u201d ?<\/div>\n<div class=\"_2cuy _3dgx _2vxa\">&nbsp;<\/div>\n<div class=\"_2cuy _3dgx _2vxa\"><span style=\"font-size: 17px;\">C\u2019est <\/span><strong style=\"font-size: 17px;\">la partie de nous-m\u00eame qui est profond\u00e9ment connect\u00e9e \u00e0 notre Coeur<\/strong><span style=\"font-size: 17px;\">.<\/span><span style=\"font-size: 17px;\">&nbsp;<\/span><\/div>\n<div class=\"_2cuy _3dgx _2vxa\">\n<p><strong>L\u2019\u00catre Authentique est \u00e0 l\u2019\u00e9coute de ses ressentis les plus subtils<\/strong> qui lui donnent de pr\u00e9cieuses informations sur sa sensibilit\u00e9, sur ce qui est juste pour lui ou ne l\u2019est pas. <strong>Il \u00e9coute et respecte toutes ses \u00e9motions<\/strong> qui ne sont finalement que l\u2019expression de son \u00e9tat int\u00e9rieur et des ajustements \u00e9ventuels \u00e0 effectuer pour retrouver un \u00e9quilibre de paix et d\u2019harmonie. <strong>Il est en permanence connect\u00e9 \u00e0 son intuition<\/strong> et ose lui faire confiance. <strong>L\u2019\u00catre Authentique se fit \u00e0 toutes ses boussoles<\/strong> (sensibilit\u00e9, ressentis, \u00e9motions, intuition, d\u00e9sirs du coeur, etc&#8230;) pour se guider dans sa vie et garder le plus possible ce pr\u00e9cieux \u00e9quilibre de bien-\u00eatre int\u00e9rieur. Il ne se laisse pas influencer par les avis, critiques et injonctions ext\u00e9rieurs car il ressent que lui-seul sait ce qu\u2019il y a de meilleur pour lui.<\/p>\n<\/div>\n<div class=\"_2cuy _3dgx _2vxa\">\n<p><strong>Sa vraie boussole, sa seule voix est son Coeur<\/strong>.<\/p>\n<p><b>L&#8217;\u00catre Authentique est un \u00catre Souverain<\/b> : il est pleinement responsable, mature, libre, conscient, int\u00e8gre, cr\u00e9ateur de sa r\u00e9alit\u00e9. &nbsp;<\/p>\n<\/div>\n<div class=\"_2cuy _3dgx _2vxa\">\n<p>Ce qui m\u2019anime aujourd\u2019hui profond\u00e9ment c&#8217;est de manifester mon r\u00eave : que chaque \u00eatre-humain soit pleinement connect\u00e9 \u00e0 son Coeur. Car quand on agit \u00e0 partir du Coeur, on ne peut que manifester l&#8217;harmonie, la paix et l&#8217;Amour. Quand tous les \u00eatres-humains incarneront leur \u00catre Authentique, centr\u00e9s sur le Coeur, et seront \u00e0 nouveau pleinement Souverains, alors l&#8217;Amour, la Beaut\u00e9 et la Joie seront sur Terre.&nbsp;<\/p>\n<p>Pour cela je continue d&#8217;avancer sur ce chemin de d\u00e9couverte, r\u00e9v\u00e9lation et manifestation de mon \u00catre Authentique pour accompagner les personnes qui souhaitent, elles-aussi, retrouver le chemin vers leur Coeur.&nbsp;<\/p>\n<\/div>\n<div class=\"_2cuy _3dgx _2vxa\">C\u2019est, \u00e0 mon avis, le seul chemin possible vers la libert\u00e9 d\u2019\u00catre Soi, vers l\u2019Amour de \u201cSoi-m\u2019aime\u201d et vers le don d\u2019Amour \u00e0 ses enfants, sa famille &#8230;., le Vivant, la Vie.<\/div>\t\t\t\t\t<\/div>\n\t\t\t\t\t\t<\/div>\n\t\t\t\t<\/div>\n\t\t\t\t<div class=\"elementor-element elementor-element-830ed17 elementor-widget elementor-widget-spacer\" data-id=\"830ed17\" data-element_type=\"widget\" data-widget_type=\"spacer.default\">\n\t\t\t\t<div class=\"elementor-widget-container\">\n\t\t\t\t\t<div class=\"elementor-spacer\">\n\t\t\t<div class=\"elementor-spacer-inner\"><\/div>\n\t\t<\/div>\n\t\t\t\t<\/div>\n\t\t\t\t<\/div>\n\t\t\t\t<div class=\"elementor-element elementor-element-1fd0c0e elementor-widget elementor-widget-button\" data-id=\"1fd0c0e\" data-element_type=\"widget\" data-widget_type=\"button.default\">\n\t\t\t\t<div class=\"elementor-widget-container\">\n\t\t\t\t\t<div class=\"elementor-button-wrapper\">\n\t\t\t<a href=\"http:\/\/www.lungta-equicoaching.com\/index.php\/contact\/\" class=\"elementor-button-link elementor-button elementor-size-sm\" role=\"button\">\n\t\t\t\t\t\t<span class=\"elementor-button-content-wrapper\">\n\t\t\t\t\t\t<span class=\"elementor-button-text\">Je prends contact<\/span>\n\t\t<\/span>\n\t\t\t\t\t<\/a>\n\t\t<\/div>\n\t\t\t\t<\/div>\n\t\t\t\t<\/div>\n\t\t\t\t<div class=\"elementor-element elementor-element-5b1d1b4 elementor-widget elementor-widget-spacer\" data-id=\"5b1d1b4\" data-element_type=\"widget\" data-widget_type=\"spacer.default\">\n\t\t\t\t<div class=\"elementor-widget-container\">\n\t\t\t\t\t<div class=\"elementor-spacer\">\n\t\t\t<div class=\"elementor-spacer-inner\"><\/div>\n\t\t<\/div>\n\t\t\t\t<\/div>\n\t\t\t\t<\/div>\n\t\t\t\t<div class=\"elementor-element elementor-element-c7a8fa3 elementor-widget elementor-widget-image\" data-id=\"c7a8fa3\" data-element_type=\"widget\" data-widget_type=\"image.default\">\n\t\t\t\t<div class=\"elementor-widget-container\">\n\t\t\t\t\t\t\t\t<div class=\"elementor-image\">\n\t\t\t\t\t\t\t\t\t\t\t\t<img decoding=\"async\" width=\"640\" height=\"561\" src=\"https:\/\/www.lungta-equicoaching.com\/wp-content\/uploads\/2020\/06\/purple-935012_1920-1024x897.jpg\" class=\"attachment-large size-large\" alt=\"\" loading=\"lazy\" srcset=\"https:\/\/www.lungta-equicoaching.com\/wp-content\/uploads\/2020\/06\/purple-935012_1920-1024x897.jpg 1024w, https:\/\/www.lungta-equicoaching.com\/wp-content\/uploads\/2020\/06\/purple-935012_1920-300x263.jpg 300w, https:\/\/www.lungta-equicoaching.com\/wp-content\/uploads\/2020\/06\/purple-935012_1920-768x672.jpg 768w, https:\/\/www.lungta-equicoaching.com\/wp-content\/uploads\/2020\/06\/purple-935012_1920.jpg 1920w\" sizes=\"(max-width: 640px) 100vw, 640px\" \/>\t\t\t\t\t\t\t\t\t\t\t\t\t\t<\/div>\n\t\t\t\t\t\t<\/div>\n\t\t\t\t<\/div>\n\t\t\t\t\t\t<\/div>\n\t\t\t\t\t<\/div>\n\t\t<\/div>\n\t\t\t\t\t\t\t\t<\/div>\n\t\t\t\t\t<\/div>\n\t\t<\/section>\n\t\t\t\t\t\t\t\t\t<\/div>\n\t\t\t<\/div>\n\t\t\t\t\t<\/div>\n\t\t","protected":false},"excerpt":{"rendered":"<p>L&#8217;\u00catre Authentique ou la voix du Coeur Lungta, le cheval du vent est n\u00e9 de ma volont\u00e9 d\u2019accompagner les femmes sensibles, instinctives et proches de la Nature vers la red\u00e9couverte de leur \u00catre Authentique. &nbsp; [&hellip;]<\/p>\n","protected":false},"author":1,"featured_media":0,"parent":0,"menu_order":0,"comment_status":"closed","ping_status":"closed","template":"elementor_header_footer","meta":[],"_links":{"self":[{"href":"https:\/\/www.lungta-equicoaching.com\/index.php\/wp-json\/wp\/v2\/pages\/1088"}],"collection":[{"href":"https:\/\/www.lungta-equicoaching.com\/index.php\/wp-json\/wp\/v2\/pages"}],"about":[{"href":"https:\/\/www.lungta-equicoaching.com\/index.php\/wp-json\/wp\/v2\/types\/page"}],"author":[{"embeddable":true,"href":"https:\/\/www.lungta-equicoaching.com\/index.php\/wp-json\/wp\/v2\/users\/1"}],"replies":[{"embeddable":true,"href":"https:\/\/www.lungta-equicoaching.com\/index.php\/wp-json\/wp\/v2\/comments?post=1088"}],"version-history":[{"count":30,"href":"https:\/\/www.lungta-equicoaching.com\/index.php\/wp-json\/wp\/v2\/pages\/1088\/revisions"}],"predecessor-version":[{"id":2725,"href":"https:\/\/www.lungta-equicoaching.com\/index.php\/wp-json\/wp\/v2\/pages\/1088\/revisions\/2725"}],"wp:attachment":[{"href":"https:\/\/www.lungta-equicoaching.com\/index.php\/wp-json\/wp\/v2\/media?parent=1088"}],"curies":[{"name":"wp","href":"https:\/\/api.w.org\/{rel}","templated":true}]}}